{"id":1505,"date":"2023-08-22T12:19:13","date_gmt":"2023-08-22T09:19:13","guid":{"rendered":"https:\/\/ldf.lv\/?page_id=1505"},"modified":"2024-09-25T16:22:22","modified_gmt":"2024-09-25T13:22:22","slug":"contacts","status":"publish","type":"page","link":"https:\/\/ldf.lv\/en\/contacts\/","title":{"rendered":"Contacts"},"content":{"rendered":"\n<p><strong>Nodibin\u0101jums Latvijas Dabas fonds<\/strong><\/p>\n\n\n\n<p>Adrese: Blauma\u0146a iela 32-8, R\u012bga, Latvija, LV-1011<\/p>\n\n\n\n<p>T\u0101lr.: 67830999<\/p>\n\n\n\n<p>E-pasts: ldf@ldf.lv<\/p>\n\n\n\n<p><em>Kontakti medijiem:<\/em><\/p>\n\n\n\n<p>E-pasts: liene.brizga@ldf.lv <\/p>\n\n\n\n<p><strong>REKVIZ\u012aTI<\/strong><\/p>\n\n\n\n<p>Re\u0123istr\u0101cijas nr. 40008019379<br>Nor\u0113\u0137inu konta nr. LV51HABA000140J039356<br>Banka: Swedbank<br>Bankas kods: HABALV22<\/p>\n","protected":false},"excerpt":{"rendered":"<p>Nodibin\u0101jums Latvijas Dabas fonds Adrese: Blauma\u0146a iela 32-8, R\u012bga, Latvija, LV-1011 T\u0101lr.: 67830999 E-pasts: ldf@ldf.lv Kontakti medijiem: E-pasts: liene.brizga@ldf.lv REKVIZ\u012aTI Re\u0123istr\u0101cijas nr. 40008019379Nor\u0113\u0137inu konta nr. LV51HABA000140J039356Banka: SwedbankBankas kods: HABALV22<\/p>\n","protected":false},"author":1,"featured_media":35,"parent":0,"menu_order":0,"comment_status":"closed","ping_status":"closed","template":"","meta":{"_acf_changed":false,"footnotes":""},"class_list":["post-1505","page","type-page","status-publish","has-post-thumbnail","hentry"],"acf":[],"yoast_head":"<!-- This site is optimized with the Yoast SEO plugin v23.9 - https:\/\/yoast.com\/wordpress\/plugins\/seo\/ -->\n<title>Contacts - Latvijas Dabas fonds<\/title>\n<meta name=\"robots\" content=\"index, follow, max-snippet:-1, max-image-preview:large, max-video-preview:-1\" \/>\n<link rel=\"canonical\" href=\"https:\/\/ldf.lv\/en\/contacts\/\" \/>\n<meta property=\"og:locale\" content=\"en_US\" \/>\n<meta property=\"og:type\" content=\"article\" \/>\n<meta property=\"og:title\" content=\"Contacts - Latvijas Dabas fonds\" \/>\n<meta property=\"og:description\" content=\"Nodibin\u0101jums Latvijas Dabas fonds Adrese: Blauma\u0146a iela 32-8, R\u012bga, Latvija, LV-1011 T\u0101lr.: 67830999 E-pasts: ldf@ldf.lv Kontakti medijiem: E-pasts: liene.brizga@ldf.lv REKVIZ\u012aTI Re\u0123istr\u0101cijas nr. 40008019379Nor\u0113\u0137inu konta nr. LV51HABA000140J039356Banka: SwedbankBankas kods: HABALV22\" \/>\n<meta property=\"og:url\" content=\"https:\/\/ldf.lv\/en\/contacts\/\" \/>\n<meta property=\"og:site_name\" content=\"Latvijas Dabas fonds\" \/>\n<meta property=\"article:modified_time\" content=\"2024-09-25T13:22:22+00:00\" \/>\n<meta property=\"og:image\" content=\"https:\/\/ldf.lv\/wp-content\/uploads\/2023\/08\/gandrene_purva_Strazdina-1024x683.png\" \/>\n\t<meta property=\"og:image:width\" content=\"1024\" \/>\n\t<meta property=\"og:image:height\" content=\"683\" \/>\n\t<meta property=\"og:image:type\" content=\"image\/png\" \/>\n<meta name=\"twitter:card\" content=\"summary_large_image\" \/>\n<script type=\"application\/ld+json\" class=\"yoast-schema-graph\">{\"@context\":\"https:\/\/schema.org\",\"@graph\":[{\"@type\":\"WebPage\",\"@id\":\"https:\/\/ldf.lv\/en\/contacts\/\",\"url\":\"https:\/\/ldf.lv\/en\/contacts\/\",\"name\":\"Contacts - Latvijas Dabas fonds\",\"isPartOf\":{\"@id\":\"https:\/\/ldf.lv\/en\/#website\"},\"primaryImageOfPage\":{\"@id\":\"https:\/\/ldf.lv\/en\/contacts\/#primaryimage\"},\"image\":{\"@id\":\"https:\/\/ldf.lv\/en\/contacts\/#primaryimage\"},\"thumbnailUrl\":\"https:\/\/ldf.lv\/wp-content\/uploads\/2023\/08\/gandrene_purva_Strazdina.png\",\"datePublished\":\"2023-08-22T09:19:13+00:00\",\"dateModified\":\"2024-09-25T13:22:22+00:00\",\"breadcrumb\":{\"@id\":\"https:\/\/ldf.lv\/en\/contacts\/#breadcrumb\"},\"inLanguage\":\"en-US\",\"potentialAction\":[{\"@type\":\"ReadAction\",\"target\":[\"https:\/\/ldf.lv\/en\/contacts\/\"]}]},{\"@type\":\"ImageObject\",\"inLanguage\":\"en-US\",\"@id\":\"https:\/\/ldf.lv\/en\/contacts\/#primaryimage\",\"url\":\"https:\/\/ldf.lv\/wp-content\/uploads\/2023\/08\/gandrene_purva_Strazdina.png\",\"contentUrl\":\"https:\/\/ldf.lv\/wp-content\/uploads\/2023\/08\/gandrene_purva_Strazdina.png\",\"width\":3000,\"height\":2000,\"caption\":\"Purva gandrene\"},{\"@type\":\"BreadcrumbList\",\"@id\":\"https:\/\/ldf.lv\/en\/contacts\/#breadcrumb\",\"itemListElement\":[{\"@type\":\"ListItem\",\"position\":1,\"name\":\"Home\",\"item\":\"https:\/\/ldf.lv\/en\/\"},{\"@type\":\"ListItem\",\"position\":2,\"name\":\"Contacts\"}]},{\"@type\":\"WebSite\",\"@id\":\"https:\/\/ldf.lv\/en\/#website\",\"url\":\"https:\/\/ldf.lv\/en\/\",\"name\":\"Latvijas Dabas fonds\",\"description\":\"\",\"potentialAction\":[{\"@type\":\"SearchAction\",\"target\":{\"@type\":\"EntryPoint\",\"urlTemplate\":\"https:\/\/ldf.lv\/en\/?s={search_term_string}\"},\"query-input\":{\"@type\":\"PropertyValueSpecification\",\"valueRequired\":true,\"valueName\":\"search_term_string\"}}],\"inLanguage\":\"en-US\"}]}<\/script>\n<!-- \/ Yoast SEO plugin. -->","yoast_head_json":{"title":"Contacts - Latvijas Dabas fonds","robots":{"index":"index","follow":"follow","max-snippet":"max-snippet:-1","max-image-preview":"max-image-preview:large","max-video-preview":"max-video-preview:-1"},"canonical":"https:\/\/ldf.lv\/en\/contacts\/","og_locale":"en_US","og_type":"article","og_title":"Contacts - Latvijas Dabas fonds","og_description":"Nodibin\u0101jums Latvijas Dabas fonds Adrese: Blauma\u0146a iela 32-8, R\u012bga, Latvija, LV-1011 T\u0101lr.: 67830999 E-pasts: ldf@ldf.lv Kontakti medijiem: E-pasts: liene.brizga@ldf.lv REKVIZ\u012aTI Re\u0123istr\u0101cijas nr. 40008019379Nor\u0113\u0137inu konta nr. LV51HABA000140J039356Banka: SwedbankBankas kods: HABALV22","og_url":"https:\/\/ldf.lv\/en\/contacts\/","og_site_name":"Latvijas Dabas fonds","article_modified_time":"2024-09-25T13:22:22+00:00","og_image":[{"width":1024,"height":683,"url":"https:\/\/ldf.lv\/wp-content\/uploads\/2023\/08\/gandrene_purva_Strazdina-1024x683.png","type":"image\/png"}],"twitter_card":"summary_large_image","schema":{"@context":"https:\/\/schema.org","@graph":[{"@type":"WebPage","@id":"https:\/\/ldf.lv\/en\/contacts\/","url":"https:\/\/ldf.lv\/en\/contacts\/","name":"Contacts - Latvijas Dabas fonds","isPartOf":{"@id":"https:\/\/ldf.lv\/en\/#website"},"primaryImageOfPage":{"@id":"https:\/\/ldf.lv\/en\/contacts\/#primaryimage"},"image":{"@id":"https:\/\/ldf.lv\/en\/contacts\/#primaryimage"},"thumbnailUrl":"https:\/\/ldf.lv\/wp-content\/uploads\/2023\/08\/gandrene_purva_Strazdina.png","datePublished":"2023-08-22T09:19:13+00:00","dateModified":"2024-09-25T13:22:22+00:00","breadcrumb":{"@id":"https:\/\/ldf.lv\/en\/contacts\/#breadcrumb"},"inLanguage":"en-US","potentialAction":[{"@type":"ReadAction","target":["https:\/\/ldf.lv\/en\/contacts\/"]}]},{"@type":"ImageObject","inLanguage":"en-US","@id":"https:\/\/ldf.lv\/en\/contacts\/#primaryimage","url":"https:\/\/ldf.lv\/wp-content\/uploads\/2023\/08\/gandrene_purva_Strazdina.png","contentUrl":"https:\/\/ldf.lv\/wp-content\/uploads\/2023\/08\/gandrene_purva_Strazdina.png","width":3000,"height":2000,"caption":"Purva gandrene"},{"@type":"BreadcrumbList","@id":"https:\/\/ldf.lv\/en\/contacts\/#breadcrumb","itemListElement":[{"@type":"ListItem","position":1,"name":"Home","item":"https:\/\/ldf.lv\/en\/"},{"@type":"ListItem","position":2,"name":"Contacts"}]},{"@type":"WebSite","@id":"https:\/\/ldf.lv\/en\/#website","url":"https:\/\/ldf.lv\/en\/","name":"Latvijas Dabas fonds","description":"","potentialAction":[{"@type":"SearchAction","target":{"@type":"EntryPoint","urlTemplate":"https:\/\/ldf.lv\/en\/?s={search_term_string}"},"query-input":{"@type":"PropertyValueSpecification","valueRequired":true,"valueName":"search_term_string"}}],"inLanguage":"en-US"}]}},"_links":{"self":[{"href":"https:\/\/ldf.lv\/en\/wp-json\/wp\/v2\/pages\/1505","targetHints":{"allow":["GET"]}}],"collection":[{"href":"https:\/\/ldf.lv\/en\/wp-json\/wp\/v2\/pages"}],"about":[{"href":"https:\/\/ldf.lv\/en\/wp-json\/wp\/v2\/types\/page"}],"author":[{"embeddable":true,"href":"https:\/\/ldf.lv\/en\/wp-json\/wp\/v2\/users\/1"}],"replies":[{"embeddable":true,"href":"https:\/\/ldf.lv\/en\/wp-json\/wp\/v2\/comments?post=1505"}],"version-history":[{"count":1,"href":"https:\/\/ldf.lv\/en\/wp-json\/wp\/v2\/pages\/1505\/revisions"}],"predecessor-version":[{"id":1506,"href":"https:\/\/ldf.lv\/en\/wp-json\/wp\/v2\/pages\/1505\/revisions\/1506"}],"wp:featuredmedia":[{"embeddable":true,"href":"https:\/\/ldf.lv\/en\/wp-json\/wp\/v2\/media\/35"}],"wp:attachment":[{"href":"https:\/\/ldf.lv\/en\/wp-json\/wp\/v2\/media?parent=1505"}],"curies":[{"name":"wp","href":"https:\/\/api.w.org\/{rel}","templated":true}]}}